{"id":2,"date":"2015-02-10T17:25:29","date_gmt":"2015-02-10T17:25:29","guid":{"rendered":"http:\/\/matepractic.com\/ame\/?page_id=2"},"modified":"2017-12-21T14:32:23","modified_gmt":"2017-12-21T14:32:23","slug":"pagina-ejemplo","status":"publish","type":"page","link":"https:\/\/matepractic.com\/ame\/","title":{"rendered":"Inicio"},"content":{"rendered":"<p>Un m\u00e9todo de trabajo ideado espec\u00edficamente para diagnosticar, mejorar y evaluar la competencia matem\u00e1tica, de forma individualizada.<\/p>\n<p>Consta de materiales, en formato cuaderno y digital que se pueden usar por separado o de forma complementaria.<\/p>\n","protected":false},"excerpt":{"rendered":"<p>Un m\u00e9todo de trabajo ideado espec\u00edficamente para diagnosticar, mejorar y evaluar la competencia matem\u00e1tica, de forma individualizada. Consta de materiales, en formato cuaderno y digital que se pueden usar por separado o de forma complementaria.<\/p>\n","protected":false},"author":1,"featured_media":8,"parent":0,"menu_order":0,"comment_status":"open","ping_status":"open","template":"page-que_esAME.php","meta":[],"_links":{"self":[{"href":"https:\/\/matepractic.com\/ame\/wp-json\/wp\/v2\/pages\/2"}],"collection":[{"href":"https:\/\/matepractic.com\/ame\/wp-json\/wp\/v2\/pages"}],"about":[{"href":"https:\/\/matepractic.com\/ame\/wp-json\/wp\/v2\/types\/page"}],"author":[{"embeddable":true,"href":"https:\/\/matepractic.com\/ame\/wp-json\/wp\/v2\/users\/1"}],"replies":[{"embeddable":true,"href":"https:\/\/matepractic.com\/ame\/wp-json\/wp\/v2\/comments?post=2"}],"version-history":[{"count":1,"href":"https:\/\/matepractic.com\/ame\/wp-json\/wp\/v2\/pages\/2\/revisions"}],"predecessor-version":[{"id":13,"href":"https:\/\/matepractic.com\/ame\/wp-json\/wp\/v2\/pages\/2\/revisions\/13"}],"wp:featuredmedia":[{"embeddable":true,"href":"https:\/\/matepractic.com\/ame\/wp-json\/wp\/v2\/media\/8"}],"wp:attachment":[{"href":"https:\/\/matepractic.com\/ame\/wp-json\/wp\/v2\/media?parent=2"}],"curies":[{"name":"wp","href":"https:\/\/api.w.org\/{rel}","templated":true}]}}