{"id":48,"date":"2015-02-12T17:34:27","date_gmt":"2015-02-12T17:34:27","guid":{"rendered":"http:\/\/matepractic.com\/ame\/?page_id=48"},"modified":"2015-03-13T20:41:24","modified_gmt":"2015-03-13T20:41:24","slug":"condiciones-de-uso","status":"publish","type":"page","link":"https:\/\/matepractic.com\/ame\/condiciones-de-uso\/","title":{"rendered":"Pol\u00edtica de cookies"},"content":{"rendered":"<h2>Pol\u00edtica de cookies<\/h2>\n<p>Una cookie es un archivo que se descarga en tu ordenador al acceder a determinados sitios web. Las cookies permiten a un sitio web, entre otras cosas, almacenar y recuperar informaci\u00f3n sobre los h\u00e1bitos de navegaci\u00f3n de un usuario o de tu equipo y, seg\u00fan la informaci\u00f3n que contengan y de la forma que utilices tu equipo, pueden usarse para reconocer a su usuario.<\/p>\n<p>Las cookies son esenciales para el funcionamiento de internet, aportando innumerables ventajas en la prestaci\u00f3n de servicios interactivos, facilitando su navegaci\u00f3n y mejorando la utilidad de nuestra web. <\/p>\n<p>La informaci\u00f3n que te proporcionamos a continuaci\u00f3n te ayudar\u00e1 a comprender los diferentes tipos de cookies:<\/p>\n<h4>Seg\u00fan la entidad que las gestione<\/h4>\n<p>&nbsp; &nbsp;\t<\/p>\n<li>Cookies propias: Son aquellas que se generan y se gestionan por el propio editor que presta el servicio al usuario<\/li>\n<p>&nbsp; &nbsp;\t<\/p>\n<li>Cookies de terceros: Son aquellas que son generadas y\/o gestionadas por un tercero<\/li>\n<h4>Seg\u00fan el tiempo que permanecen activadas<\/h4>\n<p>&nbsp; &nbsp;<\/p>\n<li> Cookies de sesi\u00f3n: Recogen datos a medida que el usuario navega por el sitio para prestar el servicio solicitado, siendo destruida esta cookie al finalizar la navegaci\u00f3n por el sitio.<\/li>\n<p>&nbsp; &nbsp; <\/p>\n<li>Cookies persistentes: Recogen datos a medida que el usuario navega por el sitio para prestar el servicio solicitado, permaneciendo en el equipo al finalizar la navegaci\u00f3n por el sitio web para posteriores conexiones.<\/li>\n<h4>Seg\u00fan su finalidad<\/h4>\n<p>&nbsp; &nbsp; <\/p>\n<li> Cookies t\u00e9cnicas: Son las necesarias para una correcta navegaci\u00f3n por la web.<\/li>\n<p>&nbsp; &nbsp; <\/p>\n<li>Cookies de personalizaci\u00f3n: Guardan algunas opciones del usuario (ej: Idioma) para facilitar la navegaci\u00f3n por el sitio web.<\/li>\n<p>&nbsp; &nbsp; <\/p>\n<li> Cookies de an\u00e1lisis: Guardan informaci\u00f3n vinculada a la navegaci\u00f3n realizada por el usuario, con la finalidad de hacer un an\u00e1lisis posterior para realizar estad\u00edsticas y mejoras del sitio web.<\/li>\n<p>&nbsp; &nbsp; <\/p>\n<li>Cookies publicitarias: Permiten al editor incluir en la web espacios publicitarios, seg\u00fan el contenido del propio web.<\/li>\n<p><\/p>\n<p>Seg\u00fan dispone el art\u00edculo 22.2 de la Ley 34\/2002 del 11 de julio, de Servicios de la Sociedad de la Informaci\u00f3n y de Comercio electr\u00f3nico (LSSI-CE), EDITORIAL CASALS, S.A. informa que los cookies usados en las webs www.editorialcasals.com y www.editorialcasals.cat son:<\/p>\n<p>&nbsp; &nbsp;<\/p>\n<li>Cookies propias t\u00e9cnicas<\/li>\n<p>&nbsp; &nbsp;<\/p>\n<li>Cookies de Google Analytics de an\u00e1lisis<\/li>\n<p>&nbsp; &nbsp;<\/p>\n<li>Cookies de Youtube t\u00e9cnicas y de an\u00e1lisis cuando accedes a una p\u00e1gina con un v\u00eddeo<\/li>\n<p>&nbsp; &nbsp;<\/p>\n<li>Cookies de Twitter, Facebook t\u00e9cnicas y de an\u00e1lisis para las opciones de compartir<\/li>\n<p><\/p>\n<p>Asimismo, te informamos que tienes la posibilidad de configurar tu navegador de manera que se te informe de la recepci\u00f3n de dichas cookies, pudiendo bloquear su instalaci\u00f3n si as\u00ed lo deseas.<\/li>\n<\/p>\n<p>A continuaci\u00f3n te facilitamos enlaces donde se explica detalladamente como realizar esta configuraci\u00f3n seg\u00fan tu navegador:<\/p>\n<p>&nbsp; &nbsp; <\/p>\n<li> <a href=\"https:\/\/support.mozilla.org\/en-US\/kb\/cookies-information-websites-store-on-your-computer\" target=\"_blank\" style=\"color:black\">Firefox<\/a><\/li>\n<p>&nbsp; &nbsp;<\/p>\n<li><a href=\"https:\/\/support.google.com\/chrome\/answer\/95647?hl=es\" target=\"_blank\" style=\"color:black\">Chrome<\/a><\/li>\n<p>&nbsp; &nbsp; <\/p>\n<li> <a href=\"http:\/\/windows.microsoft.com\/en-us\/internet-explorer\/delete-manage-cookies#ie=ie-11\" target=\"_blank\" style=\"color:black\">Internet Explorer<\/a><\/li>\n<p>&nbsp; &nbsp; <\/p>\n<li> <a href=\"https:\/\/support.apple.com\/kb\/PH17191?locale=en_US\" target=\"_blank\" style=\"color:black\">Safari<\/a><\/li>\n<p>&nbsp; &nbsp; <\/p>\n<li> <a href=\"http:\/\/help.opera.com\/Windows\/11.50\/es-ES\/cookies.html\" target=\"_blank\" style=\"color:black\">Opera<\/a><\/li>\n","protected":false},"excerpt":{"rendered":"<p>Pol\u00edtica de cookies Una cookie es un archivo que se descarga en tu ordenador al acceder a determinados sitios web. Las cookies permiten a un sitio web, entre otras cosas, almacenar y recuperar informaci\u00f3n sobre los h\u00e1bitos de navegaci\u00f3n de un usuario o de tu equipo y, seg\u00fan la informaci\u00f3n que contengan y de la [&hellip;]<\/p>\n","protected":false},"author":1,"featured_media":0,"parent":0,"menu_order":0,"comment_status":"open","ping_status":"open","template":"","meta":[],"_links":{"self":[{"href":"https:\/\/matepractic.com\/ame\/wp-json\/wp\/v2\/pages\/48"}],"collection":[{"href":"https:\/\/matepractic.com\/ame\/wp-json\/wp\/v2\/pages"}],"about":[{"href":"https:\/\/matepractic.com\/ame\/wp-json\/wp\/v2\/types\/page"}],"author":[{"embeddable":true,"href":"https:\/\/matepractic.com\/ame\/wp-json\/wp\/v2\/users\/1"}],"replies":[{"embeddable":true,"href":"https:\/\/matepractic.com\/ame\/wp-json\/wp\/v2\/comments?post=48"}],"version-history":[{"count":3,"href":"https:\/\/matepractic.com\/ame\/wp-json\/wp\/v2\/pages\/48\/revisions"}],"predecessor-version":[{"id":71,"href":"https:\/\/matepractic.com\/ame\/wp-json\/wp\/v2\/pages\/48\/revisions\/71"}],"wp:attachment":[{"href":"https:\/\/matepractic.com\/ame\/wp-json\/wp\/v2\/media?parent=48"}],"curies":[{"name":"wp","href":"https:\/\/api.w.org\/{rel}","templated":true}]}}