{"id":2,"date":"2015-02-10T17:26:01","date_gmt":"2015-02-10T17:26:01","guid":{"rendered":"http:\/\/matepractic.com\/cat\/?page_id=2"},"modified":"2017-12-21T14:33:56","modified_gmt":"2017-12-21T14:33:56","slug":"pagina-ejemplo","status":"publish","type":"page","link":"https:\/\/matepractic.com\/cat\/","title":{"rendered":"Inici"},"content":{"rendered":"<p><span id=\"result_box\" class=\"\" lang=\"ca\"><span class=\"hps\">Un m\u00e8tode<\/span> <span class=\"hps\">de treball<\/span> <span class=\"hps\">ideat<\/span> <span class=\"hps\">espec\u00edficament<\/span> <span class=\"hps\">per a diagnosticar,<\/span> <span class=\"hps\">millorar i<\/span> <span class=\"hps\">avaluar la<\/span> <span class=\"hps\">compet\u00e8ncia<\/span> <span class=\"hps\">matem\u00e0tica<\/span>, <span class=\"hps\">de manera<\/span> <span class=\"hps\">individualitzada<\/span>.<\/span><\/p>\n<p><span class=\"hps\">Consta<\/span> <span class=\"hps\">de materials<\/span>, <span class=\"hps\">en format<\/span> <span class=\"hps\">quadern<\/span> <span class=\"hps\">i digital<\/span> <span class=\"hps\">que es poden usar<\/span> <span class=\"hps\">per<\/span> <span class=\"hps\">separat o<\/span> <span class=\"hps\">de forma complement\u00e0ria<\/span>.<\/p>\n","protected":false},"excerpt":{"rendered":"<p>Un m\u00e8tode de treball ideat espec\u00edficament per a diagnosticar, millorar i avaluar la compet\u00e8ncia matem\u00e0tica, de manera individualitzada. Consta de materials, en format quadern i digital que es poden usar per separat o de forma complement\u00e0ria.<\/p>\n","protected":false},"author":1,"featured_media":8,"parent":0,"menu_order":0,"comment_status":"open","ping_status":"open","template":"page-que_esCAT.php","meta":[],"_links":{"self":[{"href":"https:\/\/matepractic.com\/cat\/wp-json\/wp\/v2\/pages\/2"}],"collection":[{"href":"https:\/\/matepractic.com\/cat\/wp-json\/wp\/v2\/pages"}],"about":[{"href":"https:\/\/matepractic.com\/cat\/wp-json\/wp\/v2\/types\/page"}],"author":[{"embeddable":true,"href":"https:\/\/matepractic.com\/cat\/wp-json\/wp\/v2\/users\/1"}],"replies":[{"embeddable":true,"href":"https:\/\/matepractic.com\/cat\/wp-json\/wp\/v2\/comments?post=2"}],"version-history":[{"count":3,"href":"https:\/\/matepractic.com\/cat\/wp-json\/wp\/v2\/pages\/2\/revisions"}],"predecessor-version":[{"id":15,"href":"https:\/\/matepractic.com\/cat\/wp-json\/wp\/v2\/pages\/2\/revisions\/15"}],"wp:featuredmedia":[{"embeddable":true,"href":"https:\/\/matepractic.com\/cat\/wp-json\/wp\/v2\/media\/8"}],"wp:attachment":[{"href":"https:\/\/matepractic.com\/cat\/wp-json\/wp\/v2\/media?parent=2"}],"curies":[{"name":"wp","href":"https:\/\/api.w.org\/{rel}","templated":true}]}}