{"id":33,"date":"2015-02-20T10:02:36","date_gmt":"2015-02-20T10:02:36","guid":{"rendered":"http:\/\/matepractic.com\/esp\/?page_id=33"},"modified":"2015-03-13T20:38:47","modified_gmt":"2015-03-13T20:38:47","slug":"aviso-legal","status":"publish","type":"page","link":"https:\/\/matepractic.com\/esp\/aviso-legal\/","title":{"rendered":"Aviso Legal"},"content":{"rendered":"<h2><strong>Aviso legal<\/strong><\/h2>\n<p><\/p>\n<h4><strong>Informaci\u00f3n Corporativa<\/strong><\/h4>\n<p><strong>En virtud de la Ley 34\/2002, de Servicios de la Sociedad de la Informaci\u00f3n y Comercio Electr\u00f3nico, informamos que la presente Web es propiedad de EDITORIAL CASALS, S.A. con domicilio sito en C\/ CASPE N\u00ba 79, 1\u00ba, 08013 DE BARCELONA, Sociedad an\u00f3nima de derecho espa\u00f1ol. Inscrita en el Registro Mercantil de la Provincia de Barcelona, en el tomo 4.387, libro 3.719 de la secci\u00f3n 2a, folio 36, hoja n\u00ba 12.123, inscripci\u00f3n 1a. CIF: A08199820. Datos de contacto: Tel\u00e9fono: +34 902 107 007 Direcci\u00f3n electr\u00f3nica: casals@editorialcasals.com<\/p>\n<p><\/p>\n<h4><strong>Protecci\u00f3n de Contenidos<\/strong><\/h4>\n<p>Todo el contenido de la presente p\u00e1gina Web, incluidos los textos, marcas, signos distintivos logos, im\u00e1genes, gr\u00e1ficos y dise\u00f1os, son propiedad de EDITORIAL CASALS, S.A. o sus licenciadores, y est\u00e1n protegidos por la legislaci\u00f3n vigente en materia de Propiedad Intelectual. En ning\u00fan caso el acceso al portal por parte del usuario le otorga derecho sobre dicho contenido, ni siquiera para su mera reproducci\u00f3n para uso personal.<\/p>\n<p><\/p>\n<h4><strong>Cookies<\/strong><\/h4>\n<p> &nbsp; &nbsp;<a href=\"http:\/\/www.editorialcasals.com\/cookies\/ \" target=\"_blank\" style=\"color:black\">Consulte el documento de pol\u00edtica de Cookies.<\/a><\/p>\n","protected":false},"excerpt":{"rendered":"<p>Aviso legal Informaci\u00f3n Corporativa En virtud de la Ley 34\/2002, de Servicios de la Sociedad de la Informaci\u00f3n y Comercio Electr\u00f3nico, informamos que la presente Web es propiedad de EDITORIAL CASALS, S.A. con domicilio sito en C\/ CASPE N\u00ba 79, 1\u00ba, 08013 DE BARCELONA, Sociedad an\u00f3nima de derecho espa\u00f1ol. Inscrita en el Registro Mercantil de [&hellip;]<\/p>\n","protected":false},"author":1,"featured_media":0,"parent":0,"menu_order":0,"comment_status":"open","ping_status":"open","template":"","meta":[],"_links":{"self":[{"href":"https:\/\/matepractic.com\/esp\/wp-json\/wp\/v2\/pages\/33"}],"collection":[{"href":"https:\/\/matepractic.com\/esp\/wp-json\/wp\/v2\/pages"}],"about":[{"href":"https:\/\/matepractic.com\/esp\/wp-json\/wp\/v2\/types\/page"}],"author":[{"embeddable":true,"href":"https:\/\/matepractic.com\/esp\/wp-json\/wp\/v2\/users\/1"}],"replies":[{"embeddable":true,"href":"https:\/\/matepractic.com\/esp\/wp-json\/wp\/v2\/comments?post=33"}],"version-history":[{"count":4,"href":"https:\/\/matepractic.com\/esp\/wp-json\/wp\/v2\/pages\/33\/revisions"}],"predecessor-version":[{"id":124,"href":"https:\/\/matepractic.com\/esp\/wp-json\/wp\/v2\/pages\/33\/revisions\/124"}],"wp:attachment":[{"href":"https:\/\/matepractic.com\/esp\/wp-json\/wp\/v2\/media?parent=33"}],"curies":[{"name":"wp","href":"https:\/\/api.w.org\/{rel}","templated":true}]}}